{"id":3624,"date":"2021-03-04T09:50:20","date_gmt":"2021-03-04T07:50:20","guid":{"rendered":"https:\/\/salaspilsdraudze.lv\/?page_id=3624"},"modified":"2021-03-04T10:02:11","modified_gmt":"2021-03-04T08:02:11","slug":"kontakti","status":"publish","type":"page","link":"https:\/\/salaspilsdraudze.lv\/?page_id=3624","title":{"rendered":"Kontakti"},"content":{"rendered":"\n<p class=\"has-normal-font-size\"><strong>Salaspils Romas Kato\u013cu Draudze<\/strong><br>Re\u0123istr\u0101cija numurs Nr. <strong>90000470778<\/strong><br>Adrese <strong>R\u012bgas iela 26, Salaspils, LV2121, Latvija<\/strong><br>Draudzes pr\u0101vests <strong>Ilm\u0101rs Tolstovs<\/strong><br>T\u0101lrunis <strong>26382126<\/strong>, epasts: <strong>priesteris.ilmars(at)gmail.com<\/strong><br>Draudzes epasts: <strong>salaspilsdraudze(at)gmail.com<\/strong><br>Draudzes kora epasts: <strong>koris.oremus(at)gmail.com<\/strong><\/p>\n\n\n\n<p style=\"font-size:18px\"><strong><span style=\"text-decoration: underline;\">Finansi\u0101lais atbalsts ir \u013coti nepiecie\u0161ams<\/span><\/strong><br>Konts<strong> LV41UNLA0050000010880<\/strong><br><strong>AS SEB banka <\/strong>SWIFT (BIC): <strong>UNLALV2X<\/strong><\/p>\n\n\n\n<iframe src=\"https:\/\/www.google.com\/maps\/embed?pb=!1m18!1m12!1m3!1d2181.4246511743127!2d24.33755216625215!3d56.85581223086275!2m3!1f0!2f0!3f0!3m2!1i1024!2i768!4f13.1!3m3!1m2!1s0x46e92d1b192bb117%3A0xb91a8893a701d98b!2sR%C4%ABgas%20iela%2026%2C%20Salaspils%2C%20Salaspils%20pils%C4%93ta%2C%20LV-2121!5e0!3m2!1slv!2slv!4v1614843751134!5m2!1slv!2slv\" style=\"border:0;\" allowfullscreen=\"\" loading=\"lazy\" width=\"600\" height=\"450\"><\/iframe>\n","protected":false},"excerpt":{"rendered":"<p>Salaspils Romas Kato\u013cu DraudzeRe\u0123istr\u0101cija numurs Nr. 90000470778Adrese R\u012bgas iela 26, Salaspils, LV2121, LatvijaDraudzes pr\u0101vests Ilm\u0101rs TolstovsT\u0101lrunis 26382126, epasts: priesteris.ilmars(at)gmail.comDraudzes epasts: salaspilsdraudze(at)gmail.comDraudzes kora epasts: koris.oremus(at)gmail.com Finansi\u0101lais atbalsts ir \u013coti nepiecie\u0161amsKonts LV41UNLA0050000010880AS SEB banka SWIFT (BIC): UNLALV2X<\/p>\n","protected":false},"author":1,"featured_media":0,"parent":0,"menu_order":0,"comment_status":"closed","ping_status":"closed","template":"","meta":{"ngg_post_thumbnail":0,"footnotes":""},"class_list":["post-3624","page","type-page","status-publish","hentry"],"_links":{"self":[{"href":"https:\/\/salaspilsdraudze.lv\/index.php?rest_route=\/wp\/v2\/pages\/3624","targetHints":{"allow":["GET"]}}],"collection":[{"href":"https:\/\/salaspilsdraudze.lv\/index.php?rest_route=\/wp\/v2\/pages"}],"about":[{"href":"https:\/\/salaspilsdraudze.lv\/index.php?rest_route=\/wp\/v2\/types\/page"}],"author":[{"embeddable":true,"href":"https:\/\/salaspilsdraudze.lv\/index.php?rest_route=\/wp\/v2\/users\/1"}],"replies":[{"embeddable":true,"href":"https:\/\/salaspilsdraudze.lv\/index.php?rest_route=%2Fwp%2Fv2%2Fcomments&post=3624"}],"version-history":[{"count":2,"href":"https:\/\/salaspilsdraudze.lv\/index.php?rest_route=\/wp\/v2\/pages\/3624\/revisions"}],"predecessor-version":[{"id":3633,"href":"https:\/\/salaspilsdraudze.lv\/index.php?rest_route=\/wp\/v2\/pages\/3624\/revisions\/3633"}],"wp:attachment":[{"href":"https:\/\/salaspilsdraudze.lv\/index.php?rest_route=%2Fwp%2Fv2%2Fmedia&parent=3624"}],"curies":[{"name":"wp","href":"https:\/\/api.w.org\/{rel}","templated":true}]}}