{"id":3775,"date":"2021-03-09T11:37:47","date_gmt":"2021-03-09T09:37:47","guid":{"rendered":"https:\/\/salaspilsdraudze.lv\/?page_id=3775"},"modified":"2021-04-07T10:52:54","modified_gmt":"2021-04-07T08:52:54","slug":"k","status":"publish","type":"page","link":"https:\/\/salaspilsdraudze.lv\/?page_id=3775","title":{"rendered":"Krist\u012bbas, pirm\u0101 Sv\u0113t\u0101 Kom\u016bnija (iesv\u0113t\u012bbas) un Iestiprin\u0101\u0161anas sakraments"},"content":{"rendered":"\n<p><strong>Krist\u012bbas<\/strong><strong> m\u016bsu draudz\u0113 parasti notiek sv\u0113tdien\u0101s. <\/strong>Tom\u0113r da\u017e\u0101du apst\u0101k\u013cu d\u0113\u013c ir iesp\u0113jams ar\u012b cits laiks. <strong>B\u0113rni l\u012bdz 7 gadu vecumam<\/strong><strong> Krist\u012bbas sakramentu sa\u0146em bez apm\u0101c\u012bb\u0101m<\/strong> (vec\u0101kiem ar b\u0113rna dzim\u0161anas apliec\u012bbu ir j\u0101sarun\u0101 tik\u0161an\u0101s ar draudzes pr\u0101vestu pirms krist\u012bb\u0101m). Krustvec\u0101kiem (vismaz vienam) j\u0101b\u016bt kato\u013ciem, kas iepazinu\u0161ies ar tic\u012bbas paties\u012bb\u0101m. <strong>Ja krist\u012bbu kandid\u0101tiem ir vair\u0101k par 7 gadiem, tad ir j\u0101n\u0101k uz nodarb\u012bb\u0101m tic\u012bbas pamatu apg\u016b\u0161anai. <\/strong>B\u0113rniem ir j\u0101apmekl\u0113 Sv\u0113tdienas skola, bet pieaugu\u0161ajiem tic\u012bbas m\u0101c\u012bbas nodarb\u012bbas. Pieaugu\u0161ajiem kursi s\u0101kas febru\u0101r\u012b un b\u0113rniem \u2013 oktobr\u012b. Krusti\u0146u, sveci, katehismu un citas krist\u012bb\u0101m vajadz\u012bg\u0101s lietas var ieg\u0101d\u0101ties bazn\u012bcas gr\u0101matu gald\u0101, kas atrodas bazn\u012bc\u0101.<\/p>\n\n\n\n<p><strong>B\u0113rni un pieaugu\u0161ie, kas ir iepriek\u0161 pieteiku\u0161ies un sagatavoju\u0161ies Iestiprin\u0101\u0161anas sakramentam, to var sa\u0146emt tad, kad draudzi apmekl\u0113 b\u012bskaps. <\/strong>Iestiprin\u0101\u0161anas z\u012bmes savlaic\u012bgi j\u0101pa\u0146em pie draudzes pr\u0101vesta.<strong><\/strong><\/p>\n","protected":false},"excerpt":{"rendered":"<p>Krist\u012bbas m\u016bsu draudz\u0113 parasti notiek sv\u0113tdien\u0101s. Tom\u0113r da\u017e\u0101du apst\u0101k\u013cu d\u0113\u013c ir iesp\u0113jams ar\u012b cits laiks. B\u0113rni l\u012bdz 7 gadu vecumam Krist\u012bbas sakramentu sa\u0146em bez apm\u0101c\u012bb\u0101m (vec\u0101kiem ar b\u0113rna dzim\u0161anas apliec\u012bbu ir j\u0101sarun\u0101 tik\u0161an\u0101s ar draudzes pr\u0101vestu pirms krist\u012bb\u0101m). Krustvec\u0101kiem (vismaz vienam) j\u0101b\u016bt kato\u013ciem, kas iepazinu\u0161ies ar tic\u012bbas paties\u012bb\u0101m. Ja krist\u012bbu kandid\u0101tiem ir vair\u0101k par 7&#8230;<\/p>\n<p class=\"more-link-wrap\"><a href=\"https:\/\/salaspilsdraudze.lv\/?page_id=3775\" class=\"more-link\">Read More<span class=\"screen-reader-text\"> &ldquo;Krist\u012bbas, pirm\u0101 Sv\u0113t\u0101 Kom\u016bnija (iesv\u0113t\u012bbas) un Iestiprin\u0101\u0161anas sakraments&rdquo;<\/span> &raquo;<\/a><\/p>\n","protected":false},"author":1,"featured_media":0,"parent":0,"menu_order":0,"comment_status":"closed","ping_status":"closed","template":"","meta":{"ngg_post_thumbnail":0,"footnotes":""},"class_list":["post-3775","page","type-page","status-publish","hentry"],"_links":{"self":[{"href":"https:\/\/salaspilsdraudze.lv\/index.php?rest_route=\/wp\/v2\/pages\/3775","targetHints":{"allow":["GET"]}}],"collection":[{"href":"https:\/\/salaspilsdraudze.lv\/index.php?rest_route=\/wp\/v2\/pages"}],"about":[{"href":"https:\/\/salaspilsdraudze.lv\/index.php?rest_route=\/wp\/v2\/types\/page"}],"author":[{"embeddable":true,"href":"https:\/\/salaspilsdraudze.lv\/index.php?rest_route=\/wp\/v2\/users\/1"}],"replies":[{"embeddable":true,"href":"https:\/\/salaspilsdraudze.lv\/index.php?rest_route=%2Fwp%2Fv2%2Fcomments&post=3775"}],"version-history":[{"count":2,"href":"https:\/\/salaspilsdraudze.lv\/index.php?rest_route=\/wp\/v2\/pages\/3775\/revisions"}],"predecessor-version":[{"id":3924,"href":"https:\/\/salaspilsdraudze.lv\/index.php?rest_route=\/wp\/v2\/pages\/3775\/revisions\/3924"}],"wp:attachment":[{"href":"https:\/\/salaspilsdraudze.lv\/index.php?rest_route=%2Fwp%2Fv2%2Fmedia&parent=3775"}],"curies":[{"name":"wp","href":"https:\/\/api.w.org\/{rel}","templated":true}]}}