{"id":3928,"date":"2021-04-07T11:06:49","date_gmt":"2021-04-07T09:06:49","guid":{"rendered":"https:\/\/salaspilsdraudze.lv\/?page_id=3928"},"modified":"2021-04-07T11:06:49","modified_gmt":"2021-04-07T09:06:49","slug":"laulibas-sakraments","status":"publish","type":"page","link":"https:\/\/salaspilsdraudze.lv\/?page_id=3928","title":{"rendered":"Laul\u012bbas sakraments"},"content":{"rendered":"\n<p><strong>J\u0101piesak\u0101s vismaz 6 m\u0113ne\u0161us iepriek\u0161 pie priestera.<\/strong> Ja k\u0101ds no laul\u0101jamiem nav krist\u012bts, un\/vai iesv\u0113t\u012bts, tad ir j\u0101apmekl\u0113 tic\u012bbas m\u0101c\u012bbas kursa nodarb\u012bbas. Ir iesp\u0113jamas laul\u012bbas katolim ar nekatoli, tikai tad nekatoliskai pusei ar\u012b ir j\u0101b\u016bt iesv\u0113t\u012btai sav\u0101 konfesij\u0101. Ar citu reli\u0123iju sekot\u0101jiem un netic\u012bgajiem ar\u012b ir iesp\u0113jamas laul\u012bbas, tikai tad ir j\u0101veic specifiska sagatavo\u0161an\u0101s. Tiem, kuri pl\u0101no laul\u0101ties ir j\u0101apmekl\u0113 Saderin\u0101to un iem\u012bl\u0113ju\u0161os tik\u0161an\u0101s kursus. Pieteik\u0161an\u0101s elektroniski <a href=\"http:\/\/www.laulatiem.lv.%20\" target=\"_blank\" rel=\"noreferrer noopener\"><strong>http:\/\/www.laulatiem.lv. <\/strong><\/a>\u00a0<\/p>\n","protected":false},"excerpt":{"rendered":"<p>J\u0101piesak\u0101s vismaz 6 m\u0113ne\u0161us iepriek\u0161 pie priestera. Ja k\u0101ds no laul\u0101jamiem nav krist\u012bts, un\/vai iesv\u0113t\u012bts, tad ir j\u0101apmekl\u0113 tic\u012bbas m\u0101c\u012bbas kursa nodarb\u012bbas. Ir iesp\u0113jamas laul\u012bbas katolim ar nekatoli, tikai tad nekatoliskai pusei ar\u012b ir j\u0101b\u016bt iesv\u0113t\u012btai sav\u0101 konfesij\u0101. Ar citu reli\u0123iju sekot\u0101jiem un netic\u012bgajiem ar\u012b ir iesp\u0113jamas laul\u012bbas, tikai tad ir j\u0101veic specifiska sagatavo\u0161an\u0101s. Tiem,&#8230;<\/p>\n<p class=\"more-link-wrap\"><a href=\"https:\/\/salaspilsdraudze.lv\/?page_id=3928\" class=\"more-link\">Read More<span class=\"screen-reader-text\"> &ldquo;Laul\u012bbas sakraments&rdquo;<\/span> &raquo;<\/a><\/p>\n","protected":false},"author":1,"featured_media":0,"parent":0,"menu_order":0,"comment_status":"closed","ping_status":"closed","template":"","meta":{"ngg_post_thumbnail":0,"footnotes":""},"class_list":["post-3928","page","type-page","status-publish","hentry"],"_links":{"self":[{"href":"https:\/\/salaspilsdraudze.lv\/index.php?rest_route=\/wp\/v2\/pages\/3928","targetHints":{"allow":["GET"]}}],"collection":[{"href":"https:\/\/salaspilsdraudze.lv\/index.php?rest_route=\/wp\/v2\/pages"}],"about":[{"href":"https:\/\/salaspilsdraudze.lv\/index.php?rest_route=\/wp\/v2\/types\/page"}],"author":[{"embeddable":true,"href":"https:\/\/salaspilsdraudze.lv\/index.php?rest_route=\/wp\/v2\/users\/1"}],"replies":[{"embeddable":true,"href":"https:\/\/salaspilsdraudze.lv\/index.php?rest_route=%2Fwp%2Fv2%2Fcomments&post=3928"}],"version-history":[{"count":1,"href":"https:\/\/salaspilsdraudze.lv\/index.php?rest_route=\/wp\/v2\/pages\/3928\/revisions"}],"predecessor-version":[{"id":3929,"href":"https:\/\/salaspilsdraudze.lv\/index.php?rest_route=\/wp\/v2\/pages\/3928\/revisions\/3929"}],"wp:attachment":[{"href":"https:\/\/salaspilsdraudze.lv\/index.php?rest_route=%2Fwp%2Fv2%2Fmedia&parent=3928"}],"curies":[{"name":"wp","href":"https:\/\/api.w.org\/{rel}","templated":true}]}}