{"id":3937,"date":"2021-04-07T11:15:20","date_gmt":"2021-04-07T09:15:20","guid":{"rendered":"https:\/\/salaspilsdraudze.lv\/?page_id=3937"},"modified":"2021-04-07T11:15:20","modified_gmt":"2021-04-07T09:15:20","slug":"pasvetes-un-maju-apmeklejumi","status":"publish","type":"page","link":"https:\/\/salaspilsdraudze.lv\/?page_id=3937","title":{"rendered":"Pasv\u0113tes un m\u0101ju apmekl\u0113jumi"},"content":{"rendered":"\n<p>Ir skaista trad\u012bcija aicin\u0101t priesteri pasv\u0113t\u012bt savu m\u0101ju, dz\u012bvokli, darbavietu, k\u0101 ar\u012b automa\u0161\u012bnu vai k\u0101das citas lietas. S\u012bk\u0101ka inform\u0101cija pie pr\u0101vesta.<\/p>\n","protected":false},"excerpt":{"rendered":"<p>Ir skaista trad\u012bcija aicin\u0101t priesteri pasv\u0113t\u012bt savu m\u0101ju, dz\u012bvokli, darbavietu, k\u0101 ar\u012b automa\u0161\u012bnu vai k\u0101das citas lietas. S\u012bk\u0101ka inform\u0101cija pie pr\u0101vesta.<\/p>\n","protected":false},"author":1,"featured_media":0,"parent":0,"menu_order":0,"comment_status":"closed","ping_status":"closed","template":"","meta":{"ngg_post_thumbnail":0,"footnotes":""},"class_list":["post-3937","page","type-page","status-publish","hentry"],"_links":{"self":[{"href":"https:\/\/salaspilsdraudze.lv\/index.php?rest_route=\/wp\/v2\/pages\/3937","targetHints":{"allow":["GET"]}}],"collection":[{"href":"https:\/\/salaspilsdraudze.lv\/index.php?rest_route=\/wp\/v2\/pages"}],"about":[{"href":"https:\/\/salaspilsdraudze.lv\/index.php?rest_route=\/wp\/v2\/types\/page"}],"author":[{"embeddable":true,"href":"https:\/\/salaspilsdraudze.lv\/index.php?rest_route=\/wp\/v2\/users\/1"}],"replies":[{"embeddable":true,"href":"https:\/\/salaspilsdraudze.lv\/index.php?rest_route=%2Fwp%2Fv2%2Fcomments&post=3937"}],"version-history":[{"count":1,"href":"https:\/\/salaspilsdraudze.lv\/index.php?rest_route=\/wp\/v2\/pages\/3937\/revisions"}],"predecessor-version":[{"id":3938,"href":"https:\/\/salaspilsdraudze.lv\/index.php?rest_route=\/wp\/v2\/pages\/3937\/revisions\/3938"}],"wp:attachment":[{"href":"https:\/\/salaspilsdraudze.lv\/index.php?rest_route=%2Fwp%2Fv2%2Fmedia&parent=3937"}],"curies":[{"name":"wp","href":"https:\/\/api.w.org\/{rel}","templated":true}]}}