{"id":3940,"date":"2021-04-07T11:21:09","date_gmt":"2021-04-07T09:21:09","guid":{"rendered":"https:\/\/salaspilsdraudze.lv\/?page_id=3940"},"modified":"2021-04-07T13:53:13","modified_gmt":"2021-04-07T11:53:13","slug":"kadi-ir-obligati-svinamie-svetki-katolu-baznica","status":"publish","type":"page","link":"https:\/\/salaspilsdraudze.lv\/?page_id=3940","title":{"rendered":"K\u0101di ir oblig\u0101ti svin\u0101mie sv\u0113tki Kato\u013cu Bazn\u012bc\u0101?"},"content":{"rendered":"\n<p>Balstoties uz Kanonisko Ties\u012bbu Kodeksu, Bazn\u012bc\u0101 pavisam ir&nbsp;<strong><em><u>10 oblig\u0101ti svin\u0101m\u0101s dienas<\/u><\/em><\/strong>, kas neiekr\u012bt sv\u0113tdien\u0101s. \u201e<br> &#8230; svinamas ir sekojo\u0161as dienas:<\/p>\n\n\n\n<ul class=\"wp-block-list\"><li><strong>25.decembris,&nbsp;<\/strong>m\u016bsu Kunga J\u0113zus Kristus dzim\u0161anas sv\u0113tki,<\/li><li><strong>1.janv\u0101ris,&nbsp;<\/strong>Vissv\u0113t\u0101k\u0101s Jaunavas Marijas &#8211; Dieva M\u0101tes sv\u0113tki,<\/li><li><strong>6.janv\u0101ris<\/strong>, Kunga par\u0101d\u012b\u0161an\u0101s sv\u0113tki jeb Epif\u0101nija,<\/li><li><strong>19.marts,<\/strong>&nbsp;sv\u0113t\u0101 J\u0101zepa diena,<\/li><li><strong>Kunga debesk\u0101p\u0161anas sv\u0113tki<\/strong>,<\/li><li><strong>Vissv\u0113t\u0101 Sakramenta sv\u0113tki,<\/strong><\/li><li><strong>29.j\u016bnijs<\/strong>, sv\u0113to apustu\u013cu P\u0113tera un P\u0101vila sv\u0113tki,<\/li><li><strong>15.augusts,<\/strong>&nbsp;Jaunavas Marijas Debes\u012bs uz\u0146em\u0161anas sv\u0113tki,<\/li><li><strong>1.novembris,<\/strong>&nbsp;Visu sv\u0113to diena,<\/li><li><strong>8.decembris,<\/strong>&nbsp;Jaunavas Marijas Bezvain\u012bg\u0101s ie\u0146em\u0161anas sv\u0113tki.\u201d (KTK, 1246. kanona \u00a7 1, KBK 2177)<\/li><\/ul>\n\n\n\n<p>&#8220;Pirmais Bazn\u012bcas bauslis (&#8220;Tev b\u016bs sv\u0113tdien\u0101s un sv\u0113tku dien\u0101s piedal\u012bties Sv\u0113taj\u0101 Mis\u0113 un attur\u0113ties no smagiem darbiem&#8221;) no tic\u012bgajiem prasa sv\u0113t\u012bt dienu, kur\u0101 godin\u0101m Kunga aug\u0161\u0101mcel\u0161anos, k\u0101 ar\u012b dienas, kur\u0101s norisin\u0101s galven\u0101s litur\u0123isk\u0101s svin\u012bbas, kas godina Kunga, Vissv\u0113t\u0101k\u0101s Jaunavas Marijas un sv\u0113to nosl\u0113pumus, pirm\u0101m k\u0101rt\u0101m piedaloties Euharistij\u0101, kur\u0101 pulc\u0113jas krist\u012bg\u0101 kopiena. T\u0101pat \u0161is bauslis prasa ar\u012b attur\u0113ties no tiem darbiem un pas\u0101kumiem, kas var trauc\u0113t \u0161o dienu sv\u0113t\u012b\u0161anu.\u201d (KTK, no 1246.-1248. kanonam; KBK 2042)<br><br>Noteikumi, kas nosaka piedal\u012b\u0161anos \u0161ajos sv\u0113tkos ir t\u0101di pat, k\u0101 attiec\u012bb\u0101 uz sv\u0113tdienu. Ja oblig\u0101ti svinamie sv\u0113tki, kuri iekr\u012bt darbadien\u0101 ir reiz\u0113 ar\u012b m\u016bsu darba diena, tad protams neb\u016bs mor\u0101lisks p\u0101rk\u0101pums, ja neaiziesim uz sv. Misi un str\u0101d\u0101sim. Ja tom\u0113r mums bija iesp\u0113ja oblig\u0101tajos sv\u0113tkos attur\u0113ties no smagiem darbiem un aiziet uz sv\u0113to Misi, bet m\u0113s to neizdar\u012bj\u0101m, m\u0113s esam izdar\u012bju\u0161i gr\u0113ku, ko vajag izs\u016bdz\u0113t gr\u0113ks\u016bdz\u0113.<\/p>\n\n\n\n<p>Galvenie draudzes sv\u0113tki ir Ro\u017eukro\u0146a Karalienes sv\u0113tki, kas m\u016bsu draudz\u0113 tiek svin\u0113ti  <strong>7.oktobrim<\/strong> tuv\u0101kaj\u0101 sv\u0113tdien\u0101.<\/p>\n","protected":false},"excerpt":{"rendered":"<p>Balstoties uz Kanonisko Ties\u012bbu Kodeksu, Bazn\u012bc\u0101 pavisam ir&nbsp;10 oblig\u0101ti svin\u0101m\u0101s dienas, kas neiekr\u012bt sv\u0113tdien\u0101s. \u201e &#8230; svinamas ir sekojo\u0161as dienas: 25.decembris,&nbsp;m\u016bsu Kunga J\u0113zus Kristus dzim\u0161anas sv\u0113tki, 1.janv\u0101ris,&nbsp;Vissv\u0113t\u0101k\u0101s Jaunavas Marijas &#8211; Dieva M\u0101tes sv\u0113tki, 6.janv\u0101ris, Kunga par\u0101d\u012b\u0161an\u0101s sv\u0113tki jeb Epif\u0101nija, 19.marts,&nbsp;sv\u0113t\u0101 J\u0101zepa diena, Kunga debesk\u0101p\u0161anas sv\u0113tki, Vissv\u0113t\u0101 Sakramenta sv\u0113tki, 29.j\u016bnijs, sv\u0113to apustu\u013cu P\u0113tera un P\u0101vila sv\u0113tki,&#8230;<\/p>\n<p class=\"more-link-wrap\"><a href=\"https:\/\/salaspilsdraudze.lv\/?page_id=3940\" class=\"more-link\">Read More<span class=\"screen-reader-text\"> &ldquo;K\u0101di ir oblig\u0101ti svin\u0101mie sv\u0113tki Kato\u013cu Bazn\u012bc\u0101?&rdquo;<\/span> &raquo;<\/a><\/p>\n","protected":false},"author":1,"featured_media":0,"parent":0,"menu_order":0,"comment_status":"closed","ping_status":"closed","template":"","meta":{"ngg_post_thumbnail":0,"footnotes":""},"class_list":["post-3940","page","type-page","status-publish","hentry"],"_links":{"self":[{"href":"https:\/\/salaspilsdraudze.lv\/index.php?rest_route=\/wp\/v2\/pages\/3940","targetHints":{"allow":["GET"]}}],"collection":[{"href":"https:\/\/salaspilsdraudze.lv\/index.php?rest_route=\/wp\/v2\/pages"}],"about":[{"href":"https:\/\/salaspilsdraudze.lv\/index.php?rest_route=\/wp\/v2\/types\/page"}],"author":[{"embeddable":true,"href":"https:\/\/salaspilsdraudze.lv\/index.php?rest_route=\/wp\/v2\/users\/1"}],"replies":[{"embeddable":true,"href":"https:\/\/salaspilsdraudze.lv\/index.php?rest_route=%2Fwp%2Fv2%2Fcomments&post=3940"}],"version-history":[{"count":4,"href":"https:\/\/salaspilsdraudze.lv\/index.php?rest_route=\/wp\/v2\/pages\/3940\/revisions"}],"predecessor-version":[{"id":3949,"href":"https:\/\/salaspilsdraudze.lv\/index.php?rest_route=\/wp\/v2\/pages\/3940\/revisions\/3949"}],"wp:attachment":[{"href":"https:\/\/salaspilsdraudze.lv\/index.php?rest_route=%2Fwp%2Fv2%2Fmedia&parent=3940"}],"curies":[{"name":"wp","href":"https:\/\/api.w.org\/{rel}","templated":true}]}}