{"id":3945,"date":"2021-04-07T13:48:58","date_gmt":"2021-04-07T11:48:58","guid":{"rendered":"https:\/\/salaspilsdraudze.lv\/?page_id=3945"},"modified":"2021-04-07T13:48:58","modified_gmt":"2021-04-07T11:48:58","slug":"beres","status":"publish","type":"page","link":"https:\/\/salaspilsdraudze.lv\/?page_id=3945","title":{"rendered":"B\u0113res"},"content":{"rendered":"\n<p>Ir sens un skaists ieradums, saviem kato\u013ctic\u012bgajiem tuviniekiem r\u012bkot krist\u012bgas b\u0113res ar kato\u013cu gar\u012bdznieku. Ja k\u0101ds no j\u016bsu tuviniekiem aiziet m\u016b\u017e\u012bb\u0101, l\u016bgums p\u0113c iesp\u0113jas \u0101tr\u0101k sazin\u0101ties ar draudzes gar\u012bdznieku, lai izrun\u0101tu s\u012bk\u0101kas deta\u013cas par b\u0113ru norisi. Ja b\u0113r\u0113s piedal\u0101s gar\u012bdznieks, tad &#8220;laic\u012bgais&#8221; vad\u012bt\u0101js nav nepiecie\u0161ams. Aizg\u0101j\u0113ju var izvad\u012bt gan no bazn\u012bcas, kapli\u010das, vai no kapu v\u0101rtiem. Krustu uz kapavietas liek galvgal\u012b un parasti k\u0101ds no v\u012brie\u0161iem b\u0113ru laik\u0101 nes krustu, kuru uzst\u0101da uz kapu kopi\u0146as. Aizg\u0101j\u0113ja krem\u0113\u0161anu Bazn\u012bca pie\u013cauj, bet tad gar\u012bdzniekam ir j\u0101izvada cilv\u0113ks no krematorijas vai k\u0101das citas vietas, un tad kad ir sa\u0146emta urni\u0146a, to nek\u0101d\u0101 gad\u012bjum\u0101 nedr\u012bkst ilgsto\u0161i glab\u0101t m\u0101j\u0101s vai izkais\u012bt dab\u0101. Urni\u0146u p\u0113c iesp\u0113jas \u012bs\u0101k\u0101 laik\u0101 ir j\u0101apbglab\u0101 vai nu zem\u0113, vai kolumb\u0101rij\u0101, asist\u0113jot kato\u013cu gar\u012bdzniekam. Par katru aizg\u0101j\u0113ju tiek nosvin\u0113ta sv\u0113t\u0101 Mise un kato\u013ci atz\u012bm\u0113 30 dienu no mir\u0161anas dienas. B\u0113r\u0113s draudzei tiek dots ziedojums, kura summa nav noteikta.<\/p>\n","protected":false},"excerpt":{"rendered":"<p>Ir sens un skaists ieradums, saviem kato\u013ctic\u012bgajiem tuviniekiem r\u012bkot krist\u012bgas b\u0113res ar kato\u013cu gar\u012bdznieku. Ja k\u0101ds no j\u016bsu tuviniekiem aiziet m\u016b\u017e\u012bb\u0101, l\u016bgums p\u0113c iesp\u0113jas \u0101tr\u0101k sazin\u0101ties ar draudzes gar\u012bdznieku, lai izrun\u0101tu s\u012bk\u0101kas deta\u013cas par b\u0113ru norisi. Ja b\u0113r\u0113s piedal\u0101s gar\u012bdznieks, tad &#8220;laic\u012bgais&#8221; vad\u012bt\u0101js nav nepiecie\u0161ams. Aizg\u0101j\u0113ju var izvad\u012bt gan no bazn\u012bcas, kapli\u010das, vai no kapu&#8230;<\/p>\n<p class=\"more-link-wrap\"><a href=\"https:\/\/salaspilsdraudze.lv\/?page_id=3945\" class=\"more-link\">Read More<span class=\"screen-reader-text\"> &ldquo;B\u0113res&rdquo;<\/span> &raquo;<\/a><\/p>\n","protected":false},"author":1,"featured_media":0,"parent":0,"menu_order":0,"comment_status":"closed","ping_status":"closed","template":"","meta":{"ngg_post_thumbnail":0,"footnotes":""},"class_list":["post-3945","page","type-page","status-publish","hentry"],"_links":{"self":[{"href":"https:\/\/salaspilsdraudze.lv\/index.php?rest_route=\/wp\/v2\/pages\/3945","targetHints":{"allow":["GET"]}}],"collection":[{"href":"https:\/\/salaspilsdraudze.lv\/index.php?rest_route=\/wp\/v2\/pages"}],"about":[{"href":"https:\/\/salaspilsdraudze.lv\/index.php?rest_route=\/wp\/v2\/types\/page"}],"author":[{"embeddable":true,"href":"https:\/\/salaspilsdraudze.lv\/index.php?rest_route=\/wp\/v2\/users\/1"}],"replies":[{"embeddable":true,"href":"https:\/\/salaspilsdraudze.lv\/index.php?rest_route=%2Fwp%2Fv2%2Fcomments&post=3945"}],"version-history":[{"count":1,"href":"https:\/\/salaspilsdraudze.lv\/index.php?rest_route=\/wp\/v2\/pages\/3945\/revisions"}],"predecessor-version":[{"id":3946,"href":"https:\/\/salaspilsdraudze.lv\/index.php?rest_route=\/wp\/v2\/pages\/3945\/revisions\/3946"}],"wp:attachment":[{"href":"https:\/\/salaspilsdraudze.lv\/index.php?rest_route=%2Fwp%2Fv2%2Fmedia&parent=3945"}],"curies":[{"name":"wp","href":"https:\/\/api.w.org\/{rel}","templated":true}]}}